{"id":363775,"date":"2020-10-09T13:36:35","date_gmt":"2020-10-09T11:36:35","guid":{"rendered":"https:\/\/evemo.de\/imprint\/"},"modified":"2025-10-05T18:34:58","modified_gmt":"2025-10-05T16:34:58","slug":"imprint","status":"publish","type":"page","link":"https:\/\/evemo.de\/en\/imprint\/","title":{"rendered":"Imprint"},"content":{"rendered":"<p>[et_pb_section fb_built=&#8221;1&#8243; admin_label=&#8221;Hero&#8221; _builder_version=&#8221;4.27.4&#8243; custom_padding=&#8221;50px|0px|50px|0px|false|false&#8221; locked=&#8221;off&#8221; global_colors_info=&#8221;{}&#8221; bottom_divider_style=&#8221;slant&#8221; background_color=&#8221;#000000&#8243; bottom_divider_flip=&#8221;vertical|horizontal&#8221; bottom_divider_repeat=&#8221;1x&#8221; bottom_divider_height=&#8221;75px&#8221; next_background_color=&#8221;#ffffff&#8221;][et_pb_row column_structure=&#8221;3_5,2_5&#8243; _builder_version=&#8221;4.27.4&#8243; hover_enabled=&#8221;0&#8243; global_colors_info=&#8221;{}&#8221; sticky_enabled=&#8221;0&#8243;][et_pb_column type=&#8221;3_5&#8243; _builder_version=&#8221;4.16&#8243; custom_padding=&#8221;||60px|&#8221; global_colors_info=&#8221;{}&#8221; custom_padding__hover=&#8221;|||&#8221;][et_pb_text _builder_version=&#8221;4.27.4&#8243; text_font=&#8221;|600|||||||&#8221; text_text_color=&#8221;#FFFFFF&#8221; text_font_size=&#8221;18px&#8221; text_line_height=&#8221;1.8em&#8221; header_font=&#8221;|700||on|||||&#8221; hover_enabled=&#8221;0&#8243; global_colors_info=&#8221;{}&#8221; sticky_enabled=&#8221;0&#8243;]<\/p>\n<h1>Impressum<\/h1>\n<p>[\/et_pb_text][\/et_pb_column][et_pb_column type=&#8221;2_5&#8243; _builder_version=&#8221;4.16&#8243; custom_padding=&#8221;|||&#8221; global_colors_info=&#8221;{}&#8221; custom_padding__hover=&#8221;|||&#8221;][\/et_pb_column][\/et_pb_row][\/et_pb_section][et_pb_section fb_built=&#8221;1&#8243; _builder_version=&#8221;4.27.4&#8243; _module_preset=&#8221;default&#8221; hover_enabled=&#8221;0&#8243; global_colors_info=&#8221;{}&#8221; custom_padding=&#8221;50px|0px|50px|0px|false|false&#8221; sticky_enabled=&#8221;0&#8243;][et_pb_row _builder_version=&#8221;4.27.4&#8243; _module_preset=&#8221;default&#8221; global_colors_info=&#8221;{}&#8221;][et_pb_column type=&#8221;4_4&#8243; _builder_version=&#8221;4.16&#8243; _module_preset=&#8221;default&#8221; global_colors_info=&#8221;{}&#8221;][et_pb_text admin_label=&#8221;Impressum&#8221; _builder_version=&#8221;4.27.4&#8243; _module_preset=&#8221;default&#8221; header_font=&#8221;|600|||||||&#8221; header_text_color=&#8221;#000000&#8243; global_colors_info=&#8221;{}&#8221;]<\/p>\n<p><span>Angaben nach \u00a7 5 Telemediengesetz und \u00a7 2 Dienstleistungs-Informations-Verordnung<\/span><\/p>\n<p><span>evemo.de ist ein Angebot der:<\/span><\/p>\n<p><b>Reboot Mobility GmbH<\/b><span><br \/><\/span><span>Lammerswiese 11<\/span><span><br \/><\/span><span>53945 Blankenheim<\/span><\/p>\n<p><span>Telefon: +49 2697 9189690<\/span><span><br \/><\/span><span>E-Mail: info@evemo.de<\/span><\/p>\n<p><span>Gesch\u00e4ftsf\u00fchrer: Lukas B\u00f6hm, Felix Peters<\/span><span><br \/><\/span><span>Amtsgericht D\u00fcren, HRB: 7457<\/span><span><br \/><\/span><span>Umsatzsteuer-Identifikationsnummer: DE311326921<\/span><\/p>\n<p><strong><em>Verbraucherschlichtung<\/em><\/strong><\/p>\n<p><em>Auf Grundlage der Verordnung (EU) Nr. 524\/2013 \u00fcber die Online-Beilegung verbraucherrechtlicher Streitigkeiten stellt die Europ\u00e4ische Kommission unter\u00a0<a href=\"https:\/\/ec.europa.eu\/odr\">https:\/\/ec.europa.eu\/odr<\/a><span>\u00a0<\/span>eine Plattform zur Online-Streitbeilegung bereit. Verbraucher k\u00f6nnen diese Plattform f\u00fcr die Beilegung von Streitigkeiten mit unserem Onlineangebot nutzen.<\/em><\/p>\n<p>[\/et_pb_text][\/et_pb_column][\/et_pb_row][\/et_pb_section]<\/p>\n","protected":false},"excerpt":{"rendered":"<p>ImpressumAngaben nach \u00a7 5 Telemediengesetz und \u00a7 2 Dienstleistungs-Informations-Verordnung evemo.de ist ein Angebot der: Reboot Mobility GmbHLammerswiese 1153945 Blankenheim Telefon: +49 2697 9189690E-Mail: info@evemo.de Gesch\u00e4ftsf\u00fchrer: Lukas B\u00f6hm, Felix PetersAmtsgericht D\u00fcren, HRB: 7457Umsatzsteuer-Identifikationsnummer: DE311326921 Verbraucherschlichtung Auf Grundlage der Verordnung (EU) Nr. 524\/2013 \u00fcber die Online-Beilegung verbraucherrechtlicher Streitigkeiten stellt die Europ\u00e4ische Kommission unter\u00a0https:\/\/ec.europa.eu\/odr\u00a0eine Plattform zur Online-Streitbeilegung bereit. [&hellip;]<\/p>\n","protected":false},"author":1,"featured_media":0,"parent":0,"menu_order":0,"comment_status":"closed","ping_status":"closed","template":"","meta":{"_et_pb_use_builder":"on","_et_pb_old_content":"","_et_gb_content_width":"","inline_featured_image":false,"footnotes":""},"class_list":["post-363775","page","type-page","status-publish","hentry"],"yoast_head":"<!-- This site is optimized with the Yoast SEO plugin v26.8 - https:\/\/yoast.com\/product\/yoast-seo-wordpress\/ -->\n<title>Imprint - evemo<\/title>\n<meta name=\"robots\" content=\"index, follow, max-snippet:-1, max-image-preview:large, max-video-preview:-1\" \/>\n<link rel=\"canonical\" href=\"https:\/\/evemo.de\/en\/imprint\/\" \/>\n<meta property=\"og:locale\" content=\"en_US\" \/>\n<meta property=\"og:type\" content=\"article\" \/>\n<meta property=\"og:title\" content=\"Imprint - evemo\" \/>\n<meta property=\"og:description\" content=\"ImpressumAngaben nach \u00a7 5 Telemediengesetz und \u00a7 2 Dienstleistungs-Informations-Verordnung evemo.de ist ein Angebot der: Reboot Mobility GmbHLammerswiese 1153945 Blankenheim Telefon: +49 2697 9189690E-Mail: info@evemo.de Gesch\u00e4ftsf\u00fchrer: Lukas B\u00f6hm, Felix PetersAmtsgericht D\u00fcren, HRB: 7457Umsatzsteuer-Identifikationsnummer: DE311326921 Verbraucherschlichtung Auf Grundlage der Verordnung (EU) Nr. 524\/2013 \u00fcber die Online-Beilegung verbraucherrechtlicher Streitigkeiten stellt die Europ\u00e4ische Kommission unter\u00a0https:\/\/ec.europa.eu\/odr\u00a0eine Plattform zur Online-Streitbeilegung bereit. [&hellip;]\" \/>\n<meta property=\"og:url\" content=\"https:\/\/evemo.de\/en\/imprint\/\" \/>\n<meta property=\"og:site_name\" content=\"evemo\" \/>\n<meta property=\"article:modified_time\" content=\"2025-10-05T16:34:58+00:00\" \/>\n<meta name=\"twitter:card\" content=\"summary_large_image\" \/>\n<meta name=\"twitter:label1\" content=\"Est. reading time\" \/>\n\t<meta name=\"twitter:data1\" content=\"1 minute\" \/>\n<script type=\"application\/ld+json\" class=\"yoast-schema-graph\">{\"@context\":\"https:\/\/schema.org\",\"@graph\":[{\"@type\":\"WebPage\",\"@id\":\"https:\/\/evemo.de\/en\/imprint\/\",\"url\":\"https:\/\/evemo.de\/en\/imprint\/\",\"name\":\"Imprint - evemo\",\"isPartOf\":{\"@id\":\"https:\/\/evemo.de\/en\/#website\"},\"datePublished\":\"2020-10-09T11:36:35+00:00\",\"dateModified\":\"2025-10-05T16:34:58+00:00\",\"breadcrumb\":{\"@id\":\"https:\/\/evemo.de\/en\/imprint\/#breadcrumb\"},\"inLanguage\":\"en-US\",\"potentialAction\":[{\"@type\":\"ReadAction\",\"target\":[\"https:\/\/evemo.de\/en\/imprint\/\"]}]},{\"@type\":\"BreadcrumbList\",\"@id\":\"https:\/\/evemo.de\/en\/imprint\/#breadcrumb\",\"itemListElement\":[{\"@type\":\"ListItem\",\"position\":1,\"name\":\"Startseite\",\"item\":\"https:\/\/evemo.de\/en\/\"},{\"@type\":\"ListItem\",\"position\":2,\"name\":\"Imprint\"}]},{\"@type\":\"WebSite\",\"@id\":\"https:\/\/evemo.de\/en\/#website\",\"url\":\"https:\/\/evemo.de\/en\/\",\"name\":\"evemo\",\"description\":\"\",\"publisher\":{\"@id\":\"https:\/\/evemo.de\/en\/#organization\"},\"potentialAction\":[{\"@type\":\"SearchAction\",\"target\":{\"@type\":\"EntryPoint\",\"urlTemplate\":\"https:\/\/evemo.de\/en\/?s={search_term_string}\"},\"query-input\":{\"@type\":\"PropertyValueSpecification\",\"valueRequired\":true,\"valueName\":\"search_term_string\"}}],\"inLanguage\":\"en-US\"},{\"@type\":\"Organization\",\"@id\":\"https:\/\/evemo.de\/en\/#organization\",\"name\":\"evemo\",\"url\":\"https:\/\/evemo.de\/en\/\",\"logo\":{\"@type\":\"ImageObject\",\"inLanguage\":\"en-US\",\"@id\":\"https:\/\/evemo.de\/en\/#\/schema\/logo\/image\/\",\"url\":\"https:\/\/evemo.de\/wp-content\/uploads\/2020\/10\/EVEMO-final.png\",\"contentUrl\":\"https:\/\/evemo.de\/wp-content\/uploads\/2020\/10\/EVEMO-final.png\",\"width\":474,\"height\":104,\"caption\":\"evemo\"},\"image\":{\"@id\":\"https:\/\/evemo.de\/en\/#\/schema\/logo\/image\/\"}}]}<\/script>\n<!-- \/ Yoast SEO plugin. -->","yoast_head_json":{"title":"Imprint - evemo","robots":{"index":"index","follow":"follow","max-snippet":"max-snippet:-1","max-image-preview":"max-image-preview:large","max-video-preview":"max-video-preview:-1"},"canonical":"https:\/\/evemo.de\/en\/imprint\/","og_locale":"en_US","og_type":"article","og_title":"Imprint - evemo","og_description":"ImpressumAngaben nach \u00a7 5 Telemediengesetz und \u00a7 2 Dienstleistungs-Informations-Verordnung evemo.de ist ein Angebot der: Reboot Mobility GmbHLammerswiese 1153945 Blankenheim Telefon: +49 2697 9189690E-Mail: info@evemo.de Gesch\u00e4ftsf\u00fchrer: Lukas B\u00f6hm, Felix PetersAmtsgericht D\u00fcren, HRB: 7457Umsatzsteuer-Identifikationsnummer: DE311326921 Verbraucherschlichtung Auf Grundlage der Verordnung (EU) Nr. 524\/2013 \u00fcber die Online-Beilegung verbraucherrechtlicher Streitigkeiten stellt die Europ\u00e4ische Kommission unter\u00a0https:\/\/ec.europa.eu\/odr\u00a0eine Plattform zur Online-Streitbeilegung bereit. [&hellip;]","og_url":"https:\/\/evemo.de\/en\/imprint\/","og_site_name":"evemo","article_modified_time":"2025-10-05T16:34:58+00:00","twitter_card":"summary_large_image","twitter_misc":{"Est. reading time":"1 minute"},"schema":{"@context":"https:\/\/schema.org","@graph":[{"@type":"WebPage","@id":"https:\/\/evemo.de\/en\/imprint\/","url":"https:\/\/evemo.de\/en\/imprint\/","name":"Imprint - evemo","isPartOf":{"@id":"https:\/\/evemo.de\/en\/#website"},"datePublished":"2020-10-09T11:36:35+00:00","dateModified":"2025-10-05T16:34:58+00:00","breadcrumb":{"@id":"https:\/\/evemo.de\/en\/imprint\/#breadcrumb"},"inLanguage":"en-US","potentialAction":[{"@type":"ReadAction","target":["https:\/\/evemo.de\/en\/imprint\/"]}]},{"@type":"BreadcrumbList","@id":"https:\/\/evemo.de\/en\/imprint\/#breadcrumb","itemListElement":[{"@type":"ListItem","position":1,"name":"Startseite","item":"https:\/\/evemo.de\/en\/"},{"@type":"ListItem","position":2,"name":"Imprint"}]},{"@type":"WebSite","@id":"https:\/\/evemo.de\/en\/#website","url":"https:\/\/evemo.de\/en\/","name":"evemo","description":"","publisher":{"@id":"https:\/\/evemo.de\/en\/#organization"},"potentialAction":[{"@type":"SearchAction","target":{"@type":"EntryPoint","urlTemplate":"https:\/\/evemo.de\/en\/?s={search_term_string}"},"query-input":{"@type":"PropertyValueSpecification","valueRequired":true,"valueName":"search_term_string"}}],"inLanguage":"en-US"},{"@type":"Organization","@id":"https:\/\/evemo.de\/en\/#organization","name":"evemo","url":"https:\/\/evemo.de\/en\/","logo":{"@type":"ImageObject","inLanguage":"en-US","@id":"https:\/\/evemo.de\/en\/#\/schema\/logo\/image\/","url":"https:\/\/evemo.de\/wp-content\/uploads\/2020\/10\/EVEMO-final.png","contentUrl":"https:\/\/evemo.de\/wp-content\/uploads\/2020\/10\/EVEMO-final.png","width":474,"height":104,"caption":"evemo"},"image":{"@id":"https:\/\/evemo.de\/en\/#\/schema\/logo\/image\/"}}]}},"_links":{"self":[{"href":"https:\/\/evemo.de\/en\/wp-json\/wp\/v2\/pages\/363775","targetHints":{"allow":["GET"]}}],"collection":[{"href":"https:\/\/evemo.de\/en\/wp-json\/wp\/v2\/pages"}],"about":[{"href":"https:\/\/evemo.de\/en\/wp-json\/wp\/v2\/types\/page"}],"author":[{"embeddable":true,"href":"https:\/\/evemo.de\/en\/wp-json\/wp\/v2\/users\/1"}],"replies":[{"embeddable":true,"href":"https:\/\/evemo.de\/en\/wp-json\/wp\/v2\/comments?post=363775"}],"version-history":[{"count":11,"href":"https:\/\/evemo.de\/en\/wp-json\/wp\/v2\/pages\/363775\/revisions"}],"predecessor-version":[{"id":363924,"href":"https:\/\/evemo.de\/en\/wp-json\/wp\/v2\/pages\/363775\/revisions\/363924"}],"wp:attachment":[{"href":"https:\/\/evemo.de\/en\/wp-json\/wp\/v2\/media?parent=363775"}],"curies":[{"name":"wp","href":"https:\/\/api.w.org\/{rel}","templated":true}]}}