{"id":363878,"date":"2020-10-09T13:50:28","date_gmt":"2020-10-09T11:50:28","guid":{"rendered":"https:\/\/evemo.de\/data-protection\/"},"modified":"2025-10-05T18:34:19","modified_gmt":"2025-10-05T16:34:19","slug":"data-protection","status":"publish","type":"page","link":"https:\/\/evemo.de\/en\/data-protection\/","title":{"rendered":"Data Protection"},"content":{"rendered":"<p>[et_pb_section fb_built=&#8221;1&#8243; admin_label=&#8221;Hero&#8221; _builder_version=&#8221;4.27.4&#8243; custom_padding=&#8221;50px|0px|50px|0px|false|false&#8221; locked=&#8221;off&#8221; global_colors_info=&#8221;{}&#8221; bottom_divider_style=&#8221;slant&#8221; background_color=&#8221;#000000&#8243; bottom_divider_flip=&#8221;vertical|horizontal&#8221; bottom_divider_repeat=&#8221;1x&#8221; bottom_divider_height=&#8221;75px&#8221; next_background_color=&#8221;#ffffff&#8221;][et_pb_row column_structure=&#8221;3_5,2_5&#8243; _builder_version=&#8221;4.27.4&#8243; hover_enabled=&#8221;0&#8243; global_colors_info=&#8221;{}&#8221; sticky_enabled=&#8221;0&#8243;][et_pb_column type=&#8221;3_5&#8243; _builder_version=&#8221;4.16&#8243; custom_padding=&#8221;||60px|&#8221; global_colors_info=&#8221;{}&#8221; custom_padding__hover=&#8221;|||&#8221;][et_pb_text _builder_version=&#8221;4.27.4&#8243; text_font=&#8221;|600|||||||&#8221; text_text_color=&#8221;#FFFFFF&#8221; text_font_size=&#8221;18px&#8221; text_line_height=&#8221;1.8em&#8221; header_font=&#8221;|700||on|||||&#8221; hover_enabled=&#8221;0&#8243; global_colors_info=&#8221;{}&#8221; sticky_enabled=&#8221;0&#8243;]<\/p>\n<h1>Datenschutzerkl\u00e4rung<\/h1>\n<p>[\/et_pb_text][\/et_pb_column][et_pb_column type=&#8221;2_5&#8243; _builder_version=&#8221;4.16&#8243; custom_padding=&#8221;|||&#8221; global_colors_info=&#8221;{}&#8221; custom_padding__hover=&#8221;|||&#8221;][\/et_pb_column][\/et_pb_row][\/et_pb_section][et_pb_section fb_built=&#8221;1&#8243; _builder_version=&#8221;4.27.4&#8243; _module_preset=&#8221;default&#8221; hover_enabled=&#8221;0&#8243; global_colors_info=&#8221;{}&#8221; custom_padding=&#8221;50px|0px|50px|0px|false|false&#8221; sticky_enabled=&#8221;0&#8243;][et_pb_row module_id=&#8221;privacy&#8221; _builder_version=&#8221;4.27.4&#8243; _module_preset=&#8221;default&#8221; custom_margin_tablet=&#8221;&#8221; custom_margin_phone=&#8221;&#8221; custom_margin_last_edited=&#8221;on|desktop&#8221; global_colors_info=&#8221;{}&#8221;][et_pb_column type=&#8221;4_4&#8243; _builder_version=&#8221;4.16&#8243; _module_preset=&#8221;default&#8221; global_colors_info=&#8221;{}&#8221;][et_pb_text admin_label=&#8221;Impressum&#8221; _builder_version=&#8221;4.27.4&#8243; _module_preset=&#8221;default&#8221; header_font=&#8221;|600|||||||&#8221; header_text_align=&#8221;center&#8221; header_text_color=&#8221;#000000&#8243; hover_enabled=&#8221;0&#8243; inline_fonts=&#8221;Elegant Icon Font&#8221; global_colors_info=&#8221;{}&#8221; sticky_enabled=&#8221;0&#8243;]<\/p>\n<p style=\"text-align: center;\">Stand: 01.08.2025<\/p>\n<p>Datenschutz ist ein wichtiges Thema f\u00fcr uns. Sowohl der Schutz der Privatsph\u00e4re unserer Nutzer als auch die Sicherheit unserer Daten ist uns sehr ernst. Deswegen gehen wir mit ihren Daten vertraulich und ordnungsgem\u00e4\u00df um.<\/p>\n<p>Wir beachten die Vorschriften des Bundesdatenschutzgesetzes (BDSG), der EU-Datenschutzgrundverordnung (DS-GVO), sowie die weiteren entsprechenden europ\u00e4ischen Regelungen und m\u00f6chten Sie in dieser Datenschutzerkl\u00e4rung ausf\u00fchrlich und transparent \u00fcber die Verarbeitung Ihrer personenbezogenen Daten informieren. Personenbezogene Daten sind alle Daten, die auf Sie pers\u00f6nlich beziehbar sind, z. B. Name, Adresse, E-Mail-Adressen oder Nutzerverhalten.<\/p>\n<p>Hinsichtlich der weiteren nachfolgend verwendeten Begriffe, wie bspw. \u201eVerantwortlicher\u201c oder \u201eAuftragsverarbeiter\u201c, verweisen wir auf den Definitionskatalog der Begriffsbestimmungen in Art. 4 DS-GVO.<\/p>\n<ol>\n<li><strong>Verantwortlicher<\/strong><\/li>\n<\/ol>\n<p>Die Erhebung, Verarbeitung und Nutzung personenbezogener Daten im Zusammenhang der unter<span>\u00a0<\/span><a href=\"https:\/\/evemo.de\">https:\/\/evemo.de<\/a><span>\u00a0<\/span>betriebenen Webseite erfolgt durch die<\/p>\n<p style=\"text-align: center;\"><strong>Reboot Mobility GmbH<br \/>Lammerswiese 11<br \/>53945 Blankenheim<\/strong><br \/>(nachfolgend \u201e<strong>evemo<\/strong>\u201c, \u201e<strong>wir<\/strong>\u201c)<\/p>\n<ol start=\"2\">\n<li><strong>Erhebung, Verarbeitung und Nutzung von personenbezogenen Daten<\/strong><\/li>\n<\/ol>\n<p>Wir erheben, verarbeiten und\/oder nutzen personenbezogene Daten nur, wenn Sie eingewilligt haben oder dies durch Gesetz erlaubt ist. \u00a0Dieses im Datenschutzrecht geltenden \u201eVerbot mit Erlaubnisvorbehalt\u201c bedeutet, dass Verarbeitungen nur auf Grundlage eines Erlaubnistatbestands erfolgen d\u00fcrfen. Die wichtigsten und f\u00fcr uns einschl\u00e4gigen Erlaubnistatbest\u00e4nde finden sich in Art. 6 Abs. 1 DS-GVO. Diese betreffen insbesondere den Fall,<\/p>\n<ul>\n<li>dass eine Einwilligung des Betroffenen vorliegt, vgl. Art. 6 Abs. 1 lit. a i.V.m Art. 7 DS-GVO,<\/li>\n<li>dass die Verarbeitung ihrer Daten zur Erf\u00fcllung unserer vertraglichen Pflichten erforderlich ist, Art. 6 Abs. 1 lit. b DS-GVO,<\/li>\n<li>oder dass die Verarbeitung aufgrund unserer berechtigten Interessen (bspw. Steigerung der wirtschaftlichen Effizienz, Analyse und Fortentwicklung unserer Produkte) erfolgt, vgl. Art. 6 Abs. 1 lit. f DS-GVO.<\/li>\n<\/ul>\n<ol start=\"3\">\n<li><strong>Art der erhobenen, verarbeiteten und genutzten personenbezogenen Daten auf <a href=\"https:\/\/evemo.de\">www.evemo.de<\/a><\/strong><strong><\/strong><\/li>\n<\/ol>\n<p><strong>a. Informatorische Nutzung<\/strong><\/p>\n<p>Bei der blo\u00dfen informatorischen Nutzung unserer Webseite, also wenn Sie sich nicht registrieren oder uns anderweitig Informationen \u00fcbermitteln, erheben wir nur die personenbezogenen Daten, die Ihr Browser an unsere Server \u00fcbermittelt.\u00a0 Wenn Sie unsere Webseite aufrufen, erheben wir nach Art. 6 Abs. 1 lit. f DS-GVO die folgenden Daten, die f\u00fcr uns technisch erforderlich sind, um Ihnen unsere Webseite anzuzeigen und die Stabilit\u00e4t und Sicherheit zu gew\u00e4hrleisten:<\/p>\n<ul>\n<li>den Browsertyp\/Browserversion,<\/li>\n<li>den Namen Ihres Internetanbieters,<\/li>\n<li>den Referrer, also die Website von der aus Sie uns besuchen,<\/li>\n<li>die Namen der angeforderten Dateien und<\/li>\n<li>die Abrufzeit.<strong><\/strong><\/li>\n<\/ul>\n<p><strong>b. Informatorische Nutzung<\/strong><\/p>\n<p>Wir bieten auf unserer Webseite ein Kontaktformular an, mit denen unseren Kunden sowie auch Interessenten mit uns Kontakt aufnehmen k\u00f6nnen. Pflichtfelder sind jeweils mit einem * als Pflichtfeld markiert. Wir nutzen die von Ihnen \u00fcber unsere Kontaktformulare \u00fcbermittelten Daten ausschlie\u00dflich zur Vertragserf\u00fcllung nach Art. 6 Abs. 1 lit. b DS-GVO um unsere Pflichten aus den zugrundeliegenden Vertr\u00e4gen zu erf\u00fcllen. Liegt kein Vertragsverh\u00e4ltnis zwischen Ihnen und uns vor, sind unsere berechtigten Interessen an der Bearbeitung Ihrer Kontaktaufnahme Rechtsgrundlage f\u00fcr die Verarbeitung nach Art. 6 Abs. 1 lit. f. DS-GVO.<\/p>\n<ol start=\"4\">\n<li><strong>Zweckbestimmung der Erhebung, Verarbeitung oder Nutzung personenbezogener Daten<\/strong><\/li>\n<\/ol>\n<p>Soweit nicht anders angegeben, erheben, verarbeiten oder nutzen wir Ihre bereitgestellten personenbezogenen Daten um Ihnen die Nutzung unserer Webseite zu erm\u00f6glichen sowie die Nutzerfreundlichkeit unseres Webangebots zu verbessern. Rechtsgrundlage ist Art. 6 Abs. 1 lit. f DS-GVO. Dar\u00fcber hinaus werden die bei einer Kontaktaufnahme mit uns per E-Mail von Ihnen mitgeteilten Daten (Ihre E-Mail-Adresse, ggf. Ihr Name, Telefonnummer und weitere Angaben) von uns gespeichert, um Ihre Fragen zu bearbeiten und zu beantworten; Rechtsgrundlage ist Art. 6 Abs. 1 lit. f DS-GVO.<\/p>\n<p>Die in diesem Zusammenhang anfallenden Daten l\u00f6schen wir, nachdem die Speicherung nicht mehr zur Vertragsdurchf\u00fchrung erforderlich und keine berechtigten Interessen unsererseits oder gesetzliche Aufbewahrungspflichten einer L\u00f6schung entgegenstehen.<\/p>\n<ol start=\"5\">\n<li><strong>Rechte der Betroffenen<\/strong><\/li>\n<\/ol>\n<p>Sie haben gegen\u00fcber uns folgende Rechte hinsichtlich der Sie betreffenden personenbezogenen Daten:<\/p>\n<ul>\n<li>Recht auf Auskunft nach Art. 15 DS-GVO,<\/li>\n<li>Recht auf Berichtigung oder L\u00f6schung nach Art. 16 DS-GVO bzw. Art. 17 DS-GVO,<\/li>\n<li>Recht auf Einschr\u00e4nkung der Verarbeitung nach Art. 18 DS-GVO,<\/li>\n<li>Recht auf Daten\u00fcbertragbarkeit nach Art. 20 DS-GVO,<\/li>\n<li>Recht auf Widerspruch gegen die Verarbeitung nach Art. 21 DS-GVO.<\/li>\n<\/ul>\n<p>Sie haben zudem das Recht, sich bei einer Datenschutz-Aufsichtsbeh\u00f6rde \u00fcber die Verarbeitung Ihrer personenbezogenen Daten durch uns zu beschweren. Zust\u00e4ndige Beh\u00f6rde ist die Landesbeauftragte f\u00fcr Datenschutz und Informationsfreiheit Nordrhein-Westfalen, Postfach 20 04 44, 40102 D\u00fcsseldorf.<\/p>\n<ol start=\"6\">\n<li><strong>Dauer der Speicherung von personenbezogenen Daten bzw. Kriterien f\u00fcr die Speicherdauer<\/strong><\/li>\n<\/ol>\n<p>Wir l\u00f6schen personenbezogene Daten, nachdem die Speicherung zur Vertragsabwicklung bzw. Durchf\u00fchrung nicht mehr erforderlich ist und keine berechtigten Interessen unsererseits oder gesetzliche Aufbewahrungspflichten (\u00a7 147 Abgabenordnung, \u00a7 257 Handelsgesetzbuch) einer L\u00f6schung entgegenstehen.<\/p>\n<ol start=\"7\">\n<li><strong>Verwendung von Diensten Dritter<\/strong><\/li>\n<\/ol>\n<p>Auf Grundlage unserer berechtigten Interessen an der Analyse, Optimierung und wirtschaftlichem Betrieb unseres Webangebots im Sinne des Art. 6 Abs. 1 lit. f. DSGVO verwenden wir teilweise Inhalte\/Dienste Dritter, wie zum Beispiel YouTube-Videos, Google-Maps, Twitter-Feeds oder vergleichbare Dienste. Durch die Einbindung solcher Inhalte auf unserem Webangebot k\u00f6nnen die Drittanbieter Daten \u00fcber die Nutzung unserer Besucher erheben, verarbeiten und nutzen.\u00a0 Die Einbindung von Inhalten\/Diensten Dritter erfordert immer auch die Verwendung der IP-Adresse des jeweiligen Nutzers, sodass die Nutzung der IP-Adresse f\u00fcr die Darstellung dieser Inhalte im Rahmen unseres Webangebots erforderlich ist. Wir weisen darauf hin, dass wir keinen Einfluss darauf haben, wie Drittanbieter die IP-Adresse z.B. f\u00fcr statistische Zwecke, speichern oder weiter verarbeiten. Eingesetzte Dienste Dritter k\u00f6nnen insbesondere sein:<\/p>\n<ul>\n<li><strong>Google reCAPTCHA<\/strong><span>\u00a0<\/span>ist ein Angebot des Drittanbieters\u00a0 Google Inc., 1600 Amphitheatre Parkway, Mountain View, CA 94043, USA. reCAPTCHA dient bei Nutzung des Kontaktformulars vor allem zur Unterscheidung, ob die Eingabe durch eine nat\u00fcrliche Person erfolgt oder missbr\u00e4uchlich durch maschinelle und automatisierte Verarbeitung. Der Service inkludiert den Versand der IP-Adresse und ggf. weiterer von Google f\u00fcr den Dienst reCAPTCHA ben\u00f6tigter Daten an Google ein.<br \/>Datenschutzerkl\u00e4rung:<span>\u00a0<\/span><u><a href=\"https:\/\/www.google.com\/policies\/privacy\/\">https:\/\/www.google.com\/policies\/privacy\/<\/a><\/u><\/li>\n<\/ul>\n<ol start=\"8\">\n<li><strong>WIDERSPRUCHSRECHT<\/strong><\/li>\n<\/ol>\n<p><strong>SOWEIT WIR DIE VERARBEITUNG IHRER PERSONENBEZOGENEN DATEN AUF DIE INTERESSENABW\u00c4GUNG NACH ART. 6 ABS. 1 LIT. F DS-GVO ST\u00dcTZEN, K\u00d6NNEN SIE WIDERSPRUCH GEGEN DIE VERARBEITUNG EINLEGEN. BEI AUS\u00dcBUNG EINES SOLCHEN WIDERSPRUCHS BITTEN WIR UM DARLEGUNG DER GR\u00dcNDE, WESHALB WIR IHRE PERSONENBEZOGENEN DATEN NICHT WIE VON UNS DURCHGEF\u00dcHRT VERARBEITEN SOLLTEN. IM FALLE IHRES BEGR\u00dcNDETEN WIDERSPRUCHS PR\u00dcFEN WIR DIE SACHLAGE UND WERDEN ENTWEDER DIE DATENVERARBEITUNG EINSTELLEN BZW. ANPASSEN ODER IHNEN UNSERE ZWINGENDEN SCHUTZW\u00dcRDIGEN GR\u00dcNDE AUFZEIGEN, AUFGRUND DERER WIR DIE VERARBEITUNG FORTF\u00dcHREN.<\/strong><strong>\u00a0<\/strong><\/p>\n<p><strong>SIE K\u00d6NNEN DER VERARBEITUNG IHRER PERSONENBEZOGENEN DATEN F\u00dcR ZWECKE DER WERBUNG UND DATENANALYSE JEDERZEIT WIDERSPRECHEN. \u00dcBER IHREN WERBEWIDERSPRUCH K\u00d6NNEN SIE UNS UNTER DEN IN ZIFFER 2 AUFGEF\u00dcHRTEN KONTAKTDATEN INFORMIEREN.<\/strong><\/p>\n<ol start=\"9\">\n<li><strong>\u00c4nderung der Datenschutzerkl\u00e4rung<\/strong><\/li>\n<\/ol>\n<p>Wir behalten uns vor, diese Datenschutzerkl\u00e4rung in regelm\u00e4\u00dfigen Abst\u00e4nden den zugrunde liegenden Prozessen anzupassen. \u00dcber eine \u00c4nderung der Datenschutzerkl\u00e4rung werden wir \u00fcber<span>\u00a0<\/span><a href=\"https:\/\/evemo.de\">www.evemo.de<\/a><span>\u00a0<\/span>informieren.<\/p>\n<ol start=\"10\">\n<li><strong>Fragen, Anmerkungen, Hinweise<\/strong><\/li>\n<\/ol>\n<p>Gerne beantworten wir Ihre Fragen zum Thema Datenschutz und freuen uns \u00fcber Kommentare und Hinweise. Schreiben uns hierzu per E-Mail an<span>\u00a0<\/span><a href=\"mailto:info@evemo.de\">info@evemo.de<\/a><span>\u00a0<\/span>oder schriftlich an die folgende Postadresse:<\/p>\n<p style=\"text-align: center;\"><strong>Reboot Mobility GmbH<br \/>Lammerswiese 11<br \/>53945 Blankenheim<\/strong><\/p>\n<p>Unseren Datenschutzbeauftragten erreichen Sie unter <a href=\"mailto:datenschutz@evemo.de\">datenschutz@evemo.de<\/a>.<\/p>\n<p>[\/et_pb_text][\/et_pb_column][\/et_pb_row][\/et_pb_section]<\/p>\n","protected":false},"excerpt":{"rendered":"<p>Datenschutzerkl\u00e4rungStand: 01.08.2025 Datenschutz ist ein wichtiges Thema f\u00fcr uns. Sowohl der Schutz der Privatsph\u00e4re unserer Nutzer als auch die Sicherheit unserer Daten ist uns sehr ernst. Deswegen gehen wir mit ihren Daten vertraulich und ordnungsgem\u00e4\u00df um. Wir beachten die Vorschriften des Bundesdatenschutzgesetzes (BDSG), der EU-Datenschutzgrundverordnung (DS-GVO), sowie die weiteren entsprechenden europ\u00e4ischen Regelungen und m\u00f6chten Sie [&hellip;]<\/p>\n","protected":false},"author":1,"featured_media":0,"parent":0,"menu_order":0,"comment_status":"closed","ping_status":"closed","template":"","meta":{"_et_pb_use_builder":"on","_et_pb_old_content":"","_et_gb_content_width":"","inline_featured_image":false,"footnotes":""},"class_list":["post-363878","page","type-page","status-publish","hentry"],"yoast_head":"<!-- This site is optimized with the Yoast SEO plugin v26.8 - https:\/\/yoast.com\/product\/yoast-seo-wordpress\/ -->\n<title>Data Protection - evemo<\/title>\n<meta name=\"robots\" content=\"index, follow, max-snippet:-1, max-image-preview:large, max-video-preview:-1\" \/>\n<link rel=\"canonical\" href=\"https:\/\/evemo.de\/en\/data-protection\/\" \/>\n<meta property=\"og:locale\" content=\"en_US\" \/>\n<meta property=\"og:type\" content=\"article\" \/>\n<meta property=\"og:title\" content=\"Data Protection - evemo\" \/>\n<meta property=\"og:description\" content=\"Datenschutzerkl\u00e4rungStand: 01.08.2025 Datenschutz ist ein wichtiges Thema f\u00fcr uns. Sowohl der Schutz der Privatsph\u00e4re unserer Nutzer als auch die Sicherheit unserer Daten ist uns sehr ernst. Deswegen gehen wir mit ihren Daten vertraulich und ordnungsgem\u00e4\u00df um. Wir beachten die Vorschriften des Bundesdatenschutzgesetzes (BDSG), der EU-Datenschutzgrundverordnung (DS-GVO), sowie die weiteren entsprechenden europ\u00e4ischen Regelungen und m\u00f6chten Sie [&hellip;]\" \/>\n<meta property=\"og:url\" content=\"https:\/\/evemo.de\/en\/data-protection\/\" \/>\n<meta property=\"og:site_name\" content=\"evemo\" \/>\n<meta property=\"article:modified_time\" content=\"2025-10-05T16:34:19+00:00\" \/>\n<meta name=\"twitter:card\" content=\"summary_large_image\" \/>\n<meta name=\"twitter:label1\" content=\"Est. reading time\" \/>\n\t<meta name=\"twitter:data1\" content=\"5 minutes\" \/>\n<script type=\"application\/ld+json\" class=\"yoast-schema-graph\">{\"@context\":\"https:\/\/schema.org\",\"@graph\":[{\"@type\":\"WebPage\",\"@id\":\"https:\/\/evemo.de\/en\/data-protection\/\",\"url\":\"https:\/\/evemo.de\/en\/data-protection\/\",\"name\":\"Data Protection - evemo\",\"isPartOf\":{\"@id\":\"https:\/\/evemo.de\/en\/#website\"},\"datePublished\":\"2020-10-09T11:50:28+00:00\",\"dateModified\":\"2025-10-05T16:34:19+00:00\",\"breadcrumb\":{\"@id\":\"https:\/\/evemo.de\/en\/data-protection\/#breadcrumb\"},\"inLanguage\":\"en-US\",\"potentialAction\":[{\"@type\":\"ReadAction\",\"target\":[\"https:\/\/evemo.de\/en\/data-protection\/\"]}]},{\"@type\":\"BreadcrumbList\",\"@id\":\"https:\/\/evemo.de\/en\/data-protection\/#breadcrumb\",\"itemListElement\":[{\"@type\":\"ListItem\",\"position\":1,\"name\":\"Startseite\",\"item\":\"https:\/\/evemo.de\/en\/\"},{\"@type\":\"ListItem\",\"position\":2,\"name\":\"Data Protection\"}]},{\"@type\":\"WebSite\",\"@id\":\"https:\/\/evemo.de\/en\/#website\",\"url\":\"https:\/\/evemo.de\/en\/\",\"name\":\"evemo\",\"description\":\"\",\"publisher\":{\"@id\":\"https:\/\/evemo.de\/en\/#organization\"},\"potentialAction\":[{\"@type\":\"SearchAction\",\"target\":{\"@type\":\"EntryPoint\",\"urlTemplate\":\"https:\/\/evemo.de\/en\/?s={search_term_string}\"},\"query-input\":{\"@type\":\"PropertyValueSpecification\",\"valueRequired\":true,\"valueName\":\"search_term_string\"}}],\"inLanguage\":\"en-US\"},{\"@type\":\"Organization\",\"@id\":\"https:\/\/evemo.de\/en\/#organization\",\"name\":\"evemo\",\"url\":\"https:\/\/evemo.de\/en\/\",\"logo\":{\"@type\":\"ImageObject\",\"inLanguage\":\"en-US\",\"@id\":\"https:\/\/evemo.de\/en\/#\/schema\/logo\/image\/\",\"url\":\"https:\/\/evemo.de\/wp-content\/uploads\/2020\/10\/EVEMO-final.png\",\"contentUrl\":\"https:\/\/evemo.de\/wp-content\/uploads\/2020\/10\/EVEMO-final.png\",\"width\":474,\"height\":104,\"caption\":\"evemo\"},\"image\":{\"@id\":\"https:\/\/evemo.de\/en\/#\/schema\/logo\/image\/\"}}]}<\/script>\n<!-- \/ Yoast SEO plugin. -->","yoast_head_json":{"title":"Data Protection - evemo","robots":{"index":"index","follow":"follow","max-snippet":"max-snippet:-1","max-image-preview":"max-image-preview:large","max-video-preview":"max-video-preview:-1"},"canonical":"https:\/\/evemo.de\/en\/data-protection\/","og_locale":"en_US","og_type":"article","og_title":"Data Protection - evemo","og_description":"Datenschutzerkl\u00e4rungStand: 01.08.2025 Datenschutz ist ein wichtiges Thema f\u00fcr uns. Sowohl der Schutz der Privatsph\u00e4re unserer Nutzer als auch die Sicherheit unserer Daten ist uns sehr ernst. Deswegen gehen wir mit ihren Daten vertraulich und ordnungsgem\u00e4\u00df um. Wir beachten die Vorschriften des Bundesdatenschutzgesetzes (BDSG), der EU-Datenschutzgrundverordnung (DS-GVO), sowie die weiteren entsprechenden europ\u00e4ischen Regelungen und m\u00f6chten Sie [&hellip;]","og_url":"https:\/\/evemo.de\/en\/data-protection\/","og_site_name":"evemo","article_modified_time":"2025-10-05T16:34:19+00:00","twitter_card":"summary_large_image","twitter_misc":{"Est. reading time":"5 minutes"},"schema":{"@context":"https:\/\/schema.org","@graph":[{"@type":"WebPage","@id":"https:\/\/evemo.de\/en\/data-protection\/","url":"https:\/\/evemo.de\/en\/data-protection\/","name":"Data Protection - evemo","isPartOf":{"@id":"https:\/\/evemo.de\/en\/#website"},"datePublished":"2020-10-09T11:50:28+00:00","dateModified":"2025-10-05T16:34:19+00:00","breadcrumb":{"@id":"https:\/\/evemo.de\/en\/data-protection\/#breadcrumb"},"inLanguage":"en-US","potentialAction":[{"@type":"ReadAction","target":["https:\/\/evemo.de\/en\/data-protection\/"]}]},{"@type":"BreadcrumbList","@id":"https:\/\/evemo.de\/en\/data-protection\/#breadcrumb","itemListElement":[{"@type":"ListItem","position":1,"name":"Startseite","item":"https:\/\/evemo.de\/en\/"},{"@type":"ListItem","position":2,"name":"Data Protection"}]},{"@type":"WebSite","@id":"https:\/\/evemo.de\/en\/#website","url":"https:\/\/evemo.de\/en\/","name":"evemo","description":"","publisher":{"@id":"https:\/\/evemo.de\/en\/#organization"},"potentialAction":[{"@type":"SearchAction","target":{"@type":"EntryPoint","urlTemplate":"https:\/\/evemo.de\/en\/?s={search_term_string}"},"query-input":{"@type":"PropertyValueSpecification","valueRequired":true,"valueName":"search_term_string"}}],"inLanguage":"en-US"},{"@type":"Organization","@id":"https:\/\/evemo.de\/en\/#organization","name":"evemo","url":"https:\/\/evemo.de\/en\/","logo":{"@type":"ImageObject","inLanguage":"en-US","@id":"https:\/\/evemo.de\/en\/#\/schema\/logo\/image\/","url":"https:\/\/evemo.de\/wp-content\/uploads\/2020\/10\/EVEMO-final.png","contentUrl":"https:\/\/evemo.de\/wp-content\/uploads\/2020\/10\/EVEMO-final.png","width":474,"height":104,"caption":"evemo"},"image":{"@id":"https:\/\/evemo.de\/en\/#\/schema\/logo\/image\/"}}]}},"_links":{"self":[{"href":"https:\/\/evemo.de\/en\/wp-json\/wp\/v2\/pages\/363878","targetHints":{"allow":["GET"]}}],"collection":[{"href":"https:\/\/evemo.de\/en\/wp-json\/wp\/v2\/pages"}],"about":[{"href":"https:\/\/evemo.de\/en\/wp-json\/wp\/v2\/types\/page"}],"author":[{"embeddable":true,"href":"https:\/\/evemo.de\/en\/wp-json\/wp\/v2\/users\/1"}],"replies":[{"embeddable":true,"href":"https:\/\/evemo.de\/en\/wp-json\/wp\/v2\/comments?post=363878"}],"version-history":[{"count":8,"href":"https:\/\/evemo.de\/en\/wp-json\/wp\/v2\/pages\/363878\/revisions"}],"predecessor-version":[{"id":363921,"href":"https:\/\/evemo.de\/en\/wp-json\/wp\/v2\/pages\/363878\/revisions\/363921"}],"wp:attachment":[{"href":"https:\/\/evemo.de\/en\/wp-json\/wp\/v2\/media?parent=363878"}],"curies":[{"name":"wp","href":"https:\/\/api.w.org\/{rel}","templated":true}]}}